{"id":925,"date":"2025-03-03T09:09:13","date_gmt":"2025-03-03T09:09:13","guid":{"rendered":"https:\/\/theburmanhotel.com\/cookie-policy\/"},"modified":"2025-04-22T18:27:51","modified_gmt":"2025-04-22T18:27:51","slug":"cookie-policy","status":"publish","type":"page","link":"https:\/\/theburmanhotel.com\/et\/cookie-policy\/","title":{"rendered":"Cookie Policy"},"content":{"rendered":"<section class=\"text-page-section\"\n         id=\"text-page-section\">\n    <div class=\"container\">\n        <div class=\"section-inner\">\n\n                            <h1 class=\"page-title\">\n                    K\u00fcpsiste kasutamise p\u00f5him\u00f5tted                <\/h1>\n            \n                            <div class=\"content-body text-page-typography\">\n                    <h2>K\u00fcpsiste kasutamise p\u00f5him\u00f5tted<\/h2>\n<p>Bombay Group ja selle t\u00fctarettev\u00f5tted, sealhulgas Burmani hotell (edaspidi: meie), kasutavad sellel veebisaidil k\u00fcpsiseid. Kui j\u00e4tkate meie veebisaidi kasutamist, n\u00f5ustute k\u00fcpsiste kasutamisega, kui te ei muuda oma seadeid. Te saate oma eelistusi igal ajal hallata <strong>k\u00fcpsiste seadete<\/strong> all.<\/p>\n<h2>Kuidas me k\u00fcpsiseid kasutame?<\/h2>\n<p>K\u00fcpsised aitavad meil parandada teie sirvimiskogemust, v\u00f5imaldades kasutada teatavaid veebisaidi funktsioone ja kogudes andmeid selle kohta, kuidas te meie veebisaiti kasutate. Osa k\u00fcpsistest on <strong>h\u00e4davajalikud<\/strong> ja j\u00e4\u00e4vad alati aktiivseks, sest neid on vaja saidi p\u00f5hifunktsioonide jaoks, n\u00e4iteks teie n\u00f5usolekueelistuste meelespidamiseks. Need h\u00e4davajalikud k\u00fcpsised ei salvesta isikuandmeid.<\/p>\n<p>Lisaks kasutame <strong>valikulisi k\u00fcpsiseid<\/strong>, sealhulgas j\u00f5udlus-, funktsionaalseid, anal\u00fc\u00fctilisi ja reklaamik\u00fcpsiseid. Teie n\u00f5usolekul aitavad need k\u00fcpsised meil:<\/p>\n<ul>\n<li>m\u00f5ista, kuidas k\u00fclastajad meie veebisaiti kasutavad, kogudes statistikat lehek\u00fclgede k\u00fclastuste ja veebiliikluse allikate kohta;<\/li>\n<li>parandada saidi j\u00f5udlust ja kasutajakogemust;<\/li>\n<li>pakkuda isikustatud sisu ja suunatud reklaami;<\/li>\n<li>jagada andmeid meie sotsiaalmeedia-, reklaami- ja anal\u00fc\u00fcsipartneritega, kes v\u00f5ivad neid kombineerida muu teabega, mida olete neile esitanud v\u00f5i mida nad on kogunud teiepoolse teenuste kasutamise k\u00e4igus.<\/li>\n<\/ul>\n<p>Kui te otsustate valikulised k\u00fcpsised keelata, tagasi l\u00fckata v\u00f5i blokeerida, ei pruugi m\u00f5ni meie veebisaidi funktsioon t\u00e4ielikult toimida. Saate oma eelistusi igal ajal <strong>k\u00fcpsiste seadete<\/strong> all ajakohastada v\u00f5i n\u00f5usoleku tagasi v\u00f5tta; palun arvestage, et muudatuste j\u00f5ustumiseks v\u00f5ib olla vajalik lehek\u00fclg uuesti laadida.<\/p>\n<h2>Mis on k\u00fcpsised?<\/h2>\n<p>Meie veebisaidil kasutatakse k\u00fcpsiseid ehk v\u00e4ikeseid andmefaile, mida vahetatakse teie arvuti brauseri ja meie veebiserveri vahel. M\u00f5ni k\u00fcpsis on veebisaidi toimimiseks h\u00e4davajalik ja neist ei saa loobuda, samas kui teisi saate ise kontrollida.<\/p>\n<p>\u00fcpsised on eri t\u00fc\u00fcpi ja eri eesm\u00e4rgiga. M\u00f5ni neist on vajalik veebisaidi p\u00f5hiliseks toimimiseks, teised aitavad anal\u00fc\u00fcsida saidi kasutamist ja parandada selle funktsioone. Kui soovite saada lisateavet k\u00fcpsise-eelistuste haldamise, sealhulgas k\u00fcpsiste kustutamise kohta, vaadake veebisaiti\u00a0<a href=\"http:\/\/www.allaboutcookies.org\/\" target=\"_blank\" rel=\"noopener\">www.allaboutcookies.org<\/a>.<\/p>\n                <\/div>\n            \n        <\/div>\n    <\/div>\n<\/section>\n","protected":false},"excerpt":{"rendered":"","protected":false},"author":1,"featured_media":0,"parent":0,"menu_order":0,"comment_status":"closed","ping_status":"closed","template":"","meta":{"_acf_changed":true,"inline_featured_image":false},"class_list":["post-925","page","type-page","status-publish","hentry"],"acf":[],"yoast_head":"<!-- This site is optimized with the Yoast SEO plugin v26.1.1 - https:\/\/yoast.com\/wordpress\/plugins\/seo\/ -->\n<title>The Burman Hotel - Cookie Policy<\/title>\n<meta name=\"robots\" content=\"index, follow, max-snippet:-1, max-image-preview:large, max-video-preview:-1\" \/>\n<link rel=\"canonical\" href=\"https:\/\/theburmanhotel.com\/et\/cookie-policy\/\" \/>\n<meta property=\"og:locale\" content=\"et_EE\" \/>\n<meta property=\"og:type\" content=\"article\" \/>\n<meta property=\"og:title\" content=\"The Burman Hotel - Cookie Policy\" \/>\n<meta property=\"og:url\" content=\"https:\/\/theburmanhotel.com\/et\/cookie-policy\/\" \/>\n<meta property=\"og:site_name\" content=\"Rooms\" \/>\n<meta property=\"article:modified_time\" content=\"2025-04-22T18:27:51+00:00\" \/>\n<meta name=\"twitter:card\" content=\"summary_large_image\" \/>\n<script type=\"application\/ld+json\" class=\"yoast-schema-graph\">{\"@context\":\"https:\/\/schema.org\",\"@graph\":[{\"@type\":\"WebPage\",\"@id\":\"https:\/\/theburmanhotel.com\/et\/cookie-policy\/\",\"url\":\"https:\/\/theburmanhotel.com\/et\/cookie-policy\/\",\"name\":\"The Burman Hotel - Cookie Policy\",\"isPartOf\":{\"@id\":\"https:\/\/theburmanhotel.com\/et\/#website\"},\"datePublished\":\"2025-03-03T09:09:13+00:00\",\"dateModified\":\"2025-04-22T18:27:51+00:00\",\"breadcrumb\":{\"@id\":\"https:\/\/theburmanhotel.com\/et\/cookie-policy\/#breadcrumb\"},\"inLanguage\":\"et\",\"potentialAction\":[{\"@type\":\"ReadAction\",\"target\":[\"https:\/\/theburmanhotel.com\/et\/cookie-policy\/\"]}]},{\"@type\":\"BreadcrumbList\",\"@id\":\"https:\/\/theburmanhotel.com\/et\/cookie-policy\/#breadcrumb\",\"itemListElement\":[{\"@type\":\"ListItem\",\"position\":1,\"name\":\"Home\",\"item\":\"https:\/\/theburmanhotel.com\/et\/\"},{\"@type\":\"ListItem\",\"position\":2,\"name\":\"Cookie Policy\"}]},{\"@type\":\"WebSite\",\"@id\":\"https:\/\/theburmanhotel.com\/et\/#website\",\"url\":\"https:\/\/theburmanhotel.com\/et\/\",\"name\":\"Rooms\",\"description\":\"\",\"potentialAction\":[{\"@type\":\"SearchAction\",\"target\":{\"@type\":\"EntryPoint\",\"urlTemplate\":\"https:\/\/theburmanhotel.com\/et\/?s={search_term_string}\"},\"query-input\":{\"@type\":\"PropertyValueSpecification\",\"valueRequired\":true,\"valueName\":\"search_term_string\"}}],\"inLanguage\":\"et\"}]}<\/script>\n<!-- \/ Yoast SEO plugin. -->","yoast_head_json":{"title":"The Burman Hotel - Cookie Policy","robots":{"index":"index","follow":"follow","max-snippet":"max-snippet:-1","max-image-preview":"max-image-preview:large","max-video-preview":"max-video-preview:-1"},"canonical":"https:\/\/theburmanhotel.com\/et\/cookie-policy\/","og_locale":"et_EE","og_type":"article","og_title":"The Burman Hotel - Cookie Policy","og_url":"https:\/\/theburmanhotel.com\/et\/cookie-policy\/","og_site_name":"Rooms","article_modified_time":"2025-04-22T18:27:51+00:00","twitter_card":"summary_large_image","schema":{"@context":"https:\/\/schema.org","@graph":[{"@type":"WebPage","@id":"https:\/\/theburmanhotel.com\/et\/cookie-policy\/","url":"https:\/\/theburmanhotel.com\/et\/cookie-policy\/","name":"The Burman Hotel - Cookie Policy","isPartOf":{"@id":"https:\/\/theburmanhotel.com\/et\/#website"},"datePublished":"2025-03-03T09:09:13+00:00","dateModified":"2025-04-22T18:27:51+00:00","breadcrumb":{"@id":"https:\/\/theburmanhotel.com\/et\/cookie-policy\/#breadcrumb"},"inLanguage":"et","potentialAction":[{"@type":"ReadAction","target":["https:\/\/theburmanhotel.com\/et\/cookie-policy\/"]}]},{"@type":"BreadcrumbList","@id":"https:\/\/theburmanhotel.com\/et\/cookie-policy\/#breadcrumb","itemListElement":[{"@type":"ListItem","position":1,"name":"Home","item":"https:\/\/theburmanhotel.com\/et\/"},{"@type":"ListItem","position":2,"name":"Cookie Policy"}]},{"@type":"WebSite","@id":"https:\/\/theburmanhotel.com\/et\/#website","url":"https:\/\/theburmanhotel.com\/et\/","name":"Rooms","description":"","potentialAction":[{"@type":"SearchAction","target":{"@type":"EntryPoint","urlTemplate":"https:\/\/theburmanhotel.com\/et\/?s={search_term_string}"},"query-input":{"@type":"PropertyValueSpecification","valueRequired":true,"valueName":"search_term_string"}}],"inLanguage":"et"}]}},"_links":{"self":[{"href":"https:\/\/theburmanhotel.com\/et\/wp-json\/wp\/v2\/pages\/925","targetHints":{"allow":["GET"]}}],"collection":[{"href":"https:\/\/theburmanhotel.com\/et\/wp-json\/wp\/v2\/pages"}],"about":[{"href":"https:\/\/theburmanhotel.com\/et\/wp-json\/wp\/v2\/types\/page"}],"author":[{"embeddable":true,"href":"https:\/\/theburmanhotel.com\/et\/wp-json\/wp\/v2\/users\/1"}],"replies":[{"embeddable":true,"href":"https:\/\/theburmanhotel.com\/et\/wp-json\/wp\/v2\/comments?post=925"}],"version-history":[{"count":0,"href":"https:\/\/theburmanhotel.com\/et\/wp-json\/wp\/v2\/pages\/925\/revisions"}],"wp:attachment":[{"href":"https:\/\/theburmanhotel.com\/et\/wp-json\/wp\/v2\/media?parent=925"}],"curies":[{"name":"wp","href":"https:\/\/api.w.org\/{rel}","templated":true}]}}