{"id":893,"date":"2025-02-27T11:16:09","date_gmt":"2025-02-27T11:16:09","guid":{"rendered":"https:\/\/theburmanhotel.com\/rooms\/"},"modified":"2025-06-16T13:13:55","modified_gmt":"2025-06-16T13:13:55","slug":"rooms","status":"publish","type":"page","link":"https:\/\/theburmanhotel.com\/et\/rooms\/","title":{"rendered":"Rooms"},"content":{"rendered":"<section class=\"rooms-list-section\"\n         id=\"rooms-list-section\"\n         data-acf-block=\"rooms-list\"\n         data-acf-label=\"Rooms list\"\n         data-acf-style=\"rooms-list\">\n    <div class=\"container\">\n        <div class=\"line vertical top js-line-animation\" data-start=\"top 60%\"><\/div>\n        <div class=\"section-caption text-center js-anim-text\">\n                            <p class=\"sc-suptitle\" data-acf-field=\"text\" data-acf-label=\"Small title\">\n                    Linna s\u00fcdames ootab luksuslik peatuspaik                <\/p>\n            \n                            <h2 class=\"sc-title\" data-acf-field=\"textarea\" data-acf-label=\"Title\">\n                    Hotelli 17 toas on klassikaline stiil \u00fchendatud kaasaegsete mugavustega. <em>Minevik ja olevik on kaunitesse ruumidesse kokku toodud, et siin veedetud aeg m\u00f6\u00f6duks meeldej\u00e4\u00e4valt ja l\u00f5\u00f5gastavalt.<\/em>                <\/h2>\n                    <\/div>\n                    <div class=\"section-text\" data-acf-field=\"wysiwyg\" data-acf-label=\"Text\">\n                <p>Igas toas on marmorvannituba, k\u00e4sit\u00f6\u00f6na valminud Treca Vienne-Venise\u2019i madratsid ja padjamen\u00fc\u00fc, pakkudes t\u00f5eliselt luksuslikku peatuspaika otse vanalinna s\u00fcdames. Peatage aeg ja nautige s\u00fcgavat und.<\/p>\n            <\/div>\n        \n        <div class=\"line vertical top js-line-animation\"><\/div>\n\n                    <div class=\"section-slider js-rooms-slider splide\">\n                <div class=\"splide__track\">\n                    <div class=\"splide__list\">\n                                                    <div class=\"splide__slide\">\n                                <div class=\"room-card\">\n                                    \n<div class=\"room-card\">\n    <a href=\"https:\/\/theburmanhotel.com\/et\/room\/the-prestige-suites\/\" class=\"card-image js-parallax-bg\">\n        \n<picture class=\"lazyWebpPicture\">\n    <source srcset=\"https:\/\/theburmanhotel.com\/wp-content\/webp-express\/webp-images\/uploads\/2025\/02\/room-1@2x-1.jpg.webp 1x, https:\/\/theburmanhotel.com\/wp-content\/webp-express\/webp-images\/uploads\/2025\/02\/room-1@2x-1.jpg.webp 2x\" type=\"image\/webp\">\n    <source srcset=\"https:\/\/theburmanhotel.com\/wp-content\/uploads\/2025\/02\/room-1@2x-1.jpg 1x, https:\/\/theburmanhotel.com\/wp-content\/uploads\/2025\/02\/room-1@2x-1.jpg 2x\" type=\"image\/jpg\">\n    <img decoding=\"async\" src=\"https:\/\/theburmanhotel.com\/wp-content\/uploads\/2025\/02\/room-1@2x-1.jpg\"\n         width=\"1704\"\n         height=\"1004\"\n         alt=\"\"\n         loading=\"lazy\">\n<\/picture>    <\/a>\n\n    <div class=\"card-content\">\n\n                    <h3 class=\"card-title\">\n                <a href=\"https:\/\/theburmanhotel.com\/et\/room\/the-prestige-suites\/\">\n                    Prestige-sviidid                <\/a>\n            <\/h3>\n        \n                    <p class=\"card-info\">\n                49\u201350 m\u00b2 | Mahutab 4 | King-size voodi | K\u00f5rged laed | Avar eluruum            <\/p>\n        \n    <\/div>\n<\/div>                                <\/div>\n                            <\/div>\n                                                        <div class=\"splide__slide\">\n                                <div class=\"room-card\">\n                                    \n<div class=\"room-card\">\n    <a href=\"https:\/\/theburmanhotel.com\/et\/room\/the-deluxe-rooms\/\" class=\"card-image js-parallax-bg\">\n        \n<picture class=\"lazyWebpPicture\">\n    <source srcset=\"https:\/\/theburmanhotel.com\/wp-content\/webp-express\/webp-images\/uploads\/2025\/02\/TTUN9140-HDR-1920x1440.jpg.webp 1x, https:\/\/theburmanhotel.com\/wp-content\/webp-express\/webp-images\/uploads\/2025\/02\/TTUN9140-HDR-2400x1800.jpg.webp 2x\" type=\"image\/webp\">\n    <source srcset=\"https:\/\/theburmanhotel.com\/wp-content\/uploads\/2025\/02\/TTUN9140-HDR-1920x1440.jpg 1x, https:\/\/theburmanhotel.com\/wp-content\/uploads\/2025\/02\/TTUN9140-HDR-2400x1800.jpg 2x\" type=\"image\/jpg\">\n    <img decoding=\"async\" src=\"https:\/\/theburmanhotel.com\/wp-content\/uploads\/2025\/02\/TTUN9140-HDR-2400x1800.jpg\"\n         width=\"2560\"\n         height=\"1920\"\n         alt=\"\"\n         loading=\"lazy\">\n<\/picture>    <\/a>\n\n    <div class=\"card-content\">\n\n                    <h3 class=\"card-title\">\n                <a href=\"https:\/\/theburmanhotel.com\/et\/room\/the-deluxe-rooms\/\">\n                    Deluxe-toad                <\/a>\n            <\/h3>\n        \n                    <p class=\"card-info\">\n                20\u201328 m\u00b2 | Mahutab 2 | Twin-, queen- v\u00f5i king-size voodi            <\/p>\n        \n    <\/div>\n<\/div>                                <\/div>\n                            <\/div>\n                                                        <div class=\"splide__slide\">\n                                <div class=\"room-card\">\n                                    \n<div class=\"room-card\">\n    <a href=\"https:\/\/theburmanhotel.com\/et\/room\/the-junior-suites\/\" class=\"card-image js-parallax-bg\">\n        \n<picture class=\"lazyWebpPicture\">\n    <source srcset=\"https:\/\/theburmanhotel.com\/wp-content\/webp-express\/webp-images\/uploads\/2025\/02\/room-3@2x-1.jpg.webp 1x, https:\/\/theburmanhotel.com\/wp-content\/webp-express\/webp-images\/uploads\/2025\/02\/room-3@2x-1.jpg.webp 2x\" type=\"image\/webp\">\n    <source srcset=\"https:\/\/theburmanhotel.com\/wp-content\/uploads\/2025\/02\/room-3@2x-1.jpg 1x, https:\/\/theburmanhotel.com\/wp-content\/uploads\/2025\/02\/room-3@2x-1.jpg 2x\" type=\"image\/jpg\">\n    <img decoding=\"async\" src=\"https:\/\/theburmanhotel.com\/wp-content\/uploads\/2025\/02\/room-3@2x-1.jpg\"\n         width=\"1704\"\n         height=\"1004\"\n         alt=\"\"\n         loading=\"lazy\">\n<\/picture>    <\/a>\n\n    <div class=\"card-content\">\n\n                    <h3 class=\"card-title\">\n                <a href=\"https:\/\/theburmanhotel.com\/et\/room\/the-junior-suites\/\">\n                    Juuniorsviidid                <\/a>\n            <\/h3>\n        \n                    <p class=\"card-info\">\n                28\u201333 m\u00b2 | Mahutab kuni 4 | King-size voodi            <\/p>\n        \n    <\/div>\n<\/div>                                <\/div>\n                            <\/div>\n                                                        <div class=\"splide__slide\">\n                                <div class=\"room-card\">\n                                    \n<div class=\"room-card\">\n    <a href=\"https:\/\/theburmanhotel.com\/et\/room\/kellalac-signatuursviit\/\" class=\"card-image js-parallax-bg\">\n        \n<picture class=\"lazyWebpPicture\">\n    <source srcset=\"https:\/\/theburmanhotel.com\/wp-content\/webp-express\/webp-images\/uploads\/2025\/05\/Kellelac_Desktop-1920x1000.jpg.webp 1x, https:\/\/theburmanhotel.com\/wp-content\/webp-express\/webp-images\/uploads\/2025\/05\/Kellelac_Desktop-2400x1250.jpg.webp 2x\" type=\"image\/webp\">\n    <source srcset=\"https:\/\/theburmanhotel.com\/wp-content\/uploads\/2025\/05\/Kellelac_Desktop-1920x1000.jpg 1x, https:\/\/theburmanhotel.com\/wp-content\/uploads\/2025\/05\/Kellelac_Desktop-2400x1250.jpg 2x\" type=\"image\/jpg\">\n    <img decoding=\"async\" src=\"https:\/\/theburmanhotel.com\/wp-content\/uploads\/2025\/05\/Kellelac_Desktop-2400x1250.jpg\"\n         width=\"2500\"\n         height=\"1302\"\n         alt=\"\"\n         loading=\"lazy\">\n<\/picture>    <\/a>\n\n    <div class=\"card-content\">\n\n        \n        \n    <\/div>\n<\/div>                                <\/div>\n                            <\/div>\n                                                        <div class=\"splide__slide\">\n                                <div class=\"room-card\">\n                                    \n<div class=\"room-card\">\n    <a href=\"https:\/\/theburmanhotel.com\/et\/room\/piangil-signatuursviit\/\" class=\"card-image js-parallax-bg\">\n        \n<picture class=\"lazyWebpPicture\">\n    <source srcset=\"https:\/\/theburmanhotel.com\/wp-content\/webp-express\/webp-images\/uploads\/2025\/05\/Piangil_Desktop-1920x1000.jpg.webp 1x, https:\/\/theburmanhotel.com\/wp-content\/webp-express\/webp-images\/uploads\/2025\/05\/Piangil_Desktop-2400x1250.jpg.webp 2x\" type=\"image\/webp\">\n    <source srcset=\"https:\/\/theburmanhotel.com\/wp-content\/uploads\/2025\/05\/Piangil_Desktop-1920x1000.jpg 1x, https:\/\/theburmanhotel.com\/wp-content\/uploads\/2025\/05\/Piangil_Desktop-2400x1250.jpg 2x\" type=\"image\/jpg\">\n    <img decoding=\"async\" src=\"https:\/\/theburmanhotel.com\/wp-content\/uploads\/2025\/05\/Piangil_Desktop-2400x1250.jpg\"\n         width=\"2500\"\n         height=\"1302\"\n         alt=\"\"\n         loading=\"lazy\">\n<\/picture>    <\/a>\n\n    <div class=\"card-content\">\n\n        \n        \n    <\/div>\n<\/div>                                <\/div>\n                            <\/div>\n                                                <\/div>\n                <\/div>\n\n                <div class=\"pagination\">\n                    <div class=\"pagination__count\">\n                        <span class=\"pagination__current\">1<\/span> \/ 5                    <\/div>\n                    <div class=\"pagination__list\">\n                                                    <div class=\"pagination__item is-active\" data-text=\"1\">\n                            <\/div>\n                                                    <div class=\"pagination__item\" data-text=\"2\">\n                            <\/div>\n                                                    <div class=\"pagination__item\" data-text=\"3\">\n                            <\/div>\n                                                    <div class=\"pagination__item\" data-text=\"4\">\n                            <\/div>\n                                                    <div class=\"pagination__item\" data-text=\"5\">\n                            <\/div>\n                                            <\/div>\n                <\/div>\n\n            <\/div>\n            <\/div>\n<\/section>","protected":false},"excerpt":{"rendered":"","protected":false},"author":1,"featured_media":0,"parent":0,"menu_order":0,"comment_status":"closed","ping_status":"closed","template":"","meta":{"_acf_changed":true,"inline_featured_image":false},"class_list":["post-893","page","type-page","status-publish","hentry"],"acf":[],"yoast_head":"<!-- This site is optimized with the Yoast SEO plugin v26.1.1 - https:\/\/yoast.com\/wordpress\/plugins\/seo\/ -->\n<title>The Burman Hotel - Rooms<\/title>\n<meta name=\"robots\" content=\"index, follow, max-snippet:-1, max-image-preview:large, max-video-preview:-1\" \/>\n<link rel=\"canonical\" href=\"https:\/\/theburmanhotel.com\/et\/rooms\/\" \/>\n<meta property=\"og:locale\" content=\"et_EE\" \/>\n<meta property=\"og:type\" content=\"article\" \/>\n<meta property=\"og:title\" content=\"The Burman Hotel - Rooms\" \/>\n<meta property=\"og:url\" content=\"https:\/\/theburmanhotel.com\/et\/rooms\/\" \/>\n<meta property=\"og:site_name\" content=\"Rooms\" \/>\n<meta property=\"article:modified_time\" content=\"2025-06-16T13:13:55+00:00\" \/>\n<meta name=\"twitter:card\" content=\"summary_large_image\" \/>\n<script type=\"application\/ld+json\" class=\"yoast-schema-graph\">{\"@context\":\"https:\/\/schema.org\",\"@graph\":[{\"@type\":\"WebPage\",\"@id\":\"https:\/\/theburmanhotel.com\/et\/rooms\/\",\"url\":\"https:\/\/theburmanhotel.com\/et\/rooms\/\",\"name\":\"The Burman Hotel - Rooms\",\"isPartOf\":{\"@id\":\"https:\/\/theburmanhotel.com\/et\/#website\"},\"datePublished\":\"2025-02-27T11:16:09+00:00\",\"dateModified\":\"2025-06-16T13:13:55+00:00\",\"breadcrumb\":{\"@id\":\"https:\/\/theburmanhotel.com\/et\/rooms\/#breadcrumb\"},\"inLanguage\":\"et\",\"potentialAction\":[{\"@type\":\"ReadAction\",\"target\":[\"https:\/\/theburmanhotel.com\/et\/rooms\/\"]}]},{\"@type\":\"BreadcrumbList\",\"@id\":\"https:\/\/theburmanhotel.com\/et\/rooms\/#breadcrumb\",\"itemListElement\":[{\"@type\":\"ListItem\",\"position\":1,\"name\":\"Home\",\"item\":\"https:\/\/theburmanhotel.com\/et\/\"},{\"@type\":\"ListItem\",\"position\":2,\"name\":\"Rooms\"}]},{\"@type\":\"WebSite\",\"@id\":\"https:\/\/theburmanhotel.com\/et\/#website\",\"url\":\"https:\/\/theburmanhotel.com\/et\/\",\"name\":\"Rooms\",\"description\":\"\",\"potentialAction\":[{\"@type\":\"SearchAction\",\"target\":{\"@type\":\"EntryPoint\",\"urlTemplate\":\"https:\/\/theburmanhotel.com\/et\/?s={search_term_string}\"},\"query-input\":{\"@type\":\"PropertyValueSpecification\",\"valueRequired\":true,\"valueName\":\"search_term_string\"}}],\"inLanguage\":\"et\"}]}<\/script>\n<!-- \/ Yoast SEO plugin. -->","yoast_head_json":{"title":"The Burman Hotel - Rooms","robots":{"index":"index","follow":"follow","max-snippet":"max-snippet:-1","max-image-preview":"max-image-preview:large","max-video-preview":"max-video-preview:-1"},"canonical":"https:\/\/theburmanhotel.com\/et\/rooms\/","og_locale":"et_EE","og_type":"article","og_title":"The Burman Hotel - Rooms","og_url":"https:\/\/theburmanhotel.com\/et\/rooms\/","og_site_name":"Rooms","article_modified_time":"2025-06-16T13:13:55+00:00","twitter_card":"summary_large_image","schema":{"@context":"https:\/\/schema.org","@graph":[{"@type":"WebPage","@id":"https:\/\/theburmanhotel.com\/et\/rooms\/","url":"https:\/\/theburmanhotel.com\/et\/rooms\/","name":"The Burman Hotel - Rooms","isPartOf":{"@id":"https:\/\/theburmanhotel.com\/et\/#website"},"datePublished":"2025-02-27T11:16:09+00:00","dateModified":"2025-06-16T13:13:55+00:00","breadcrumb":{"@id":"https:\/\/theburmanhotel.com\/et\/rooms\/#breadcrumb"},"inLanguage":"et","potentialAction":[{"@type":"ReadAction","target":["https:\/\/theburmanhotel.com\/et\/rooms\/"]}]},{"@type":"BreadcrumbList","@id":"https:\/\/theburmanhotel.com\/et\/rooms\/#breadcrumb","itemListElement":[{"@type":"ListItem","position":1,"name":"Home","item":"https:\/\/theburmanhotel.com\/et\/"},{"@type":"ListItem","position":2,"name":"Rooms"}]},{"@type":"WebSite","@id":"https:\/\/theburmanhotel.com\/et\/#website","url":"https:\/\/theburmanhotel.com\/et\/","name":"Rooms","description":"","potentialAction":[{"@type":"SearchAction","target":{"@type":"EntryPoint","urlTemplate":"https:\/\/theburmanhotel.com\/et\/?s={search_term_string}"},"query-input":{"@type":"PropertyValueSpecification","valueRequired":true,"valueName":"search_term_string"}}],"inLanguage":"et"}]}},"_links":{"self":[{"href":"https:\/\/theburmanhotel.com\/et\/wp-json\/wp\/v2\/pages\/893","targetHints":{"allow":["GET"]}}],"collection":[{"href":"https:\/\/theburmanhotel.com\/et\/wp-json\/wp\/v2\/pages"}],"about":[{"href":"https:\/\/theburmanhotel.com\/et\/wp-json\/wp\/v2\/types\/page"}],"author":[{"embeddable":true,"href":"https:\/\/theburmanhotel.com\/et\/wp-json\/wp\/v2\/users\/1"}],"replies":[{"embeddable":true,"href":"https:\/\/theburmanhotel.com\/et\/wp-json\/wp\/v2\/comments?post=893"}],"version-history":[{"count":0,"href":"https:\/\/theburmanhotel.com\/et\/wp-json\/wp\/v2\/pages\/893\/revisions"}],"wp:attachment":[{"href":"https:\/\/theburmanhotel.com\/et\/wp-json\/wp\/v2\/media?parent=893"}],"curies":[{"name":"wp","href":"https:\/\/api.w.org\/{rel}","templated":true}]}}