{"id":1525,"date":"2025-05-27T16:26:04","date_gmt":"2025-05-27T16:26:04","guid":{"rendered":"https:\/\/theburmanhotel.com\/?page_id=1525"},"modified":"2025-05-29T12:52:10","modified_gmt":"2025-05-29T12:52:10","slug":"asukoht","status":"publish","type":"page","link":"https:\/\/theburmanhotel.com\/et\/asukoht\/","title":{"rendered":"Asukoht"},"content":{"rendered":"<section class=\"f-dining\" id=\"f-dining\">\n    <div class=\"container\">\n        <div class=\"f-dining__wrap\">\n            \n            <div class=\"line vertical top js-line-animation\"><\/div>\n            <h1 class=\"title-h1 f-dining__title\">EESTI krooniJUVEEL<\/h1>\n            <svg width=\"27\" height=\"27\" viewbox=\"0 0 27 27\" fill=\"none\" xmlns=\"http:\/\/www.w3.org\/2000\/svg\">\n                <path\n                        d=\"M15.6974 0.766846C15.6974 2.24548 14.7137 3.44434 13.501 3.44434C12.2884 3.44434 11.3047 2.24548 11.3047 0.766846L8.28711 0.766846C11.8498 4.23983 12.9786 9.76223 13.3368 12.9127L13.6635 12.9105C14.0148 9.76784 15.1383 4.25556 18.7185 0.766846L15.6991 0.766846H15.6974Z\"\n                        fill=\"black\"\n                ><\/path>\n                <path\n                        d=\"M11.3026 26.3342C11.3026 24.8556 12.2863 23.6567 13.499 23.6567C14.7116 23.6567 15.6953 24.8556 15.6953 26.3342L18.7129 26.3342C15.1502 22.8612 14.0214 17.3388 13.6632 14.1883L13.3365 14.1906C12.9852 17.3332 11.8617 22.8455 8.28152 26.3342L11.3009 26.3342L11.3026 26.3342Z\"\n                        fill=\"black\"\n                ><\/path>\n                <path\n                        d=\"M26.2832 15.726C24.8046 15.726 23.6057 14.7422 23.6057 13.5296C23.6057 12.317 24.8046 11.3333 26.2832 11.3333L26.2832 8.31567C22.8102 11.8784 17.2878 13.0072 14.1373 13.3654L14.1396 13.6921C17.2822 14.0433 22.7945 15.1668 26.2832 18.747L26.2832 15.7277L26.2832 15.726Z\"\n                        fill=\"black\"\n                ><\/path>\n                <path\n                        d=\"M0.716797 11.338C2.19543 11.338 3.39429 12.3217 3.39429 13.5344C3.39429 14.747 2.19543 15.7307 0.716797 15.7307L0.716797 18.7483C4.18978 15.1856 9.71218 14.0568 12.8627 13.6986L12.8604 13.3719C9.71779 13.0206 4.20551 11.8971 0.716797 8.31692L0.716797 11.3363L0.716797 11.338Z\"\n                        fill=\"black\"\n                ><\/path>\n            <\/svg>\n            <div class=\"f-dining__texts\">\n                <p>V\u00e4ike riik suure p\u00e4randiga \u2013 Eesti lummab oma mitmekesise ajaloo, uuendusmeelsuse ja puutumatu loodusega. Selle k\u00f5ige s\u00fcdames asub pealinn Tallinn, kus keskaegne vanalinn ja t\u00e4nap\u00e4evane elutempo p\u00f5imuvad harmooniliselt, luues ainulaadse atmosf\u00e4\u00e4ri.<\/p>\n                <p>Tallinna vanalinnas jalutamine on kui ajar\u00e4nnak: kitsad k\u00e4\u00e4nulised t\u00e4navad, v\u00e4rvikirevad fassaadid ja sajanditevanused kivim\u00fc\u00fcrid loovad erilise atmosf\u00e4\u00e4ri, mis kutsub peatuma ja m\u00e4rkama. Samas on linn elav ja pidevas liikumises. Tallinnast on kujunemas innovatsiooni ja loovuse keskus, kus ajalooline iseloom p\u00f5imub tulevikku vaatava m\u00f5tteviisiga<\/p>\n            <\/div>\n        <\/div>\n    <\/div>\n<\/section>\n\n\n<section class=\"location\" data-acf-block=\"location\" data-acf-label=\"Location\"\n         data-acf-style=\"location\" id=\"\">\n    <div class=\"container\">\n        <div class=\"location__header\">\n            <div class=\"line vertical top js-line-animation\"><\/div>\n\n                            <h1 class=\"title-h1 location__title js-anim-text\">\n                    ELEGANTNE <i>aadress<\/i>                <\/h1>\n            \n            <!-- SVG omitted -->\n\n                            <div class=\"location__text\"><p>Rataskaevu t\u00e4nav, kus asub ka Burmani hotell, on l\u00e4bi ajaloo olnud \u00fcks Tallinna silmapaistvamaid t\u00e4navaid. Aastasadade v\u00e4ltel on siin elanud j\u00f5ukad kaupmehed ning see on olnud loominguliste ja m\u00f5juv\u00f5imsate isikute kohtumispaik. Rataskaevu on justkui m\u00fcstiliste legendide lavatagune \u2013 t\u00e4nav, mille \u00e4\u00e4res asuvad mitmed linna kauneimad keskaegsed hooned.\u00a0Paljud neist on t\u00e4naseks hoolikalt restaureeritud, et s\u00e4ilitada nende ajalooline ja arhitektuuriline v\u00e4\u00e4rtus.<\/p>\n<p>Kui soovite avastada ja nautida Tallinna mitmekesist ja inspireerivat olemust, on Rataskaevu t\u00e4nav selleks ideaalne l\u00e4htepunkt. L\u00fchikese jalutusk\u00e4igu kaugusel asuvad olulisemad vaatamisv\u00e4\u00e4rsused, muuseumid, butiigid, galeriid, tipprestoranid \u2013\u00a0ja palju muud.<\/p>\n<\/div>\n                    <\/div>\n\n                    <div class=\"location__map map js-map\"\n                 data-markers='[{\"text\":\"The Burman Hotel\",\"address\":\"Rataskaevu 7, 10124, Tallinn, Estonia\",\"position\":{\"lat\":59.43694065561565,\"lng\":24.7429966915445},\"visibleElementClass\":\"js-show-form-btn\",\"active\":false},{\"text\":\"\u00c9crin\",\"address\":\"Dunkri 8, 10123, Tallinn, Estonia\",\"position\":{\"lat\":59.43696294509461,\"lng\":24.742904336133638},\"visibleElementClass\":\"reserve-a-seat-block\",\"active\":false},{\"text\":\"Koyo\",\"address\":\"Dunkri 8, 10123, Tallinn, Estonia\",\"position\":{\"lat\":59.4370092029929,\"lng\":24.743318392451556},\"visibleElementClass\":\"reserve-a-seat-block\",\"active\":false},{\"text\":\"Maison Fran\u00e7ois\",\"address\":\"Dunkri 8, 10123, Tallinn, Estonia\",\"position\":{\"lat\":59.43696802754868,\"lng\":24.743129242129754},\"visibleElementClass\":\"reserve-a-seat-block\",\"active\":false},{\"text\":\"Bombay Club\",\"address\":\"Rataskaevu 5, 10123, Tallinn, Estonia\",\"position\":{\"lat\":59.437090436118055,\"lng\":24.74292998333503},\"visibleElementClass\":\"js-open-bombay-club-page\",\"active\":false},{\"text\":\"Shang Shi\",\"address\":\"Rataskaevu 5, 10123, Tallinn, Estonia\",\"position\":{\"lat\":59.43706259155677,\"lng\":24.74281498750189},\"visibleElementClass\":\"reserve-a-seat-block\",\"active\":false},{\"text\":\"Fox Den\",\"address\":\"Rataskaevu 5, 10123, Tallinn, Estonia\",\"position\":{\"lat\":59.437109927297286,\"lng\":24.74284455785898},\"visibleElementClass\":\"reserve-a-seat-block\",\"active\":false},{\"text\":\"Peacock Lounge\",\"address\":\"Rataskaevu 5, 10123, Tallinn, Estonia\",\"position\":{\"lat\":59.43709266368196,\"lng\":24.743051550358636},\"visibleElementClass\":\"reserve-a-seat-block\",\"active\":false},{\"text\":\"Velvet\",\"address\":\"Rataskaevu 5, 10123, Tallinn, Estonia\",\"position\":{\"lat\":59.437127190903816,\"lng\":24.742963934485765},\"visibleElementClass\":\"reserve-a-seat-block\",\"active\":false}]'>\n\n\n                <div class=\"grid\">\n                    <div class=\"grid__column\"><div>A<\/div><div>B<\/div><div>C<\/div><div>D<\/div><div>E<\/div><div>F<\/div><div>G<\/div><div>H<\/div><\/div>\n                    <div class=\"grid__column\"><div>A<\/div><div>B<\/div><div>C<\/div><div>D<\/div><div>E<\/div><div>F<\/div><div>G<\/div><div>H<\/div><\/div>\n                    <div class=\"grid__row\"><div><i>1<\/i><\/div><div><i>2<\/i><\/div><div><i>3<\/i><\/div><div><i>4<\/i><\/div><\/div>\n                    <div class=\"grid__row\"><div><i>1<\/i><\/div><div><i>2<\/i><\/div><div><i>3<\/i><\/div><div><i>4<\/i><\/div><\/div>\n                <\/div>\n\n                <div class=\"location__wrap\">\n                    <div class=\"location__maps\">\n                                                    <div class=\"location__position\"><i>Tallinna linn:<\/i> 59\u02da26&#8242; 13.0632&#8221; N \/ 24\u02da45&#8242; 12.8664&#8221; E<\/div>\n                        \n                            <div class=\"location__selected js-selected\">\n                                                                    <i>The Burman Hotel:<\/i>\n                                    Rataskaevu 7, 10124, Tallinn, Estonia                                                            <\/div>\n\n\n                        <div id=\"map\"><\/div>\n                        <div class=\"location__mask\"><\/div>\n\n                        \n                        <div class=\"location__images\"\n                             data-images=\"[&#039;https:\/\/theburmanhotel.com\/wp-content\/uploads\/2025\/05\/The-Burman.jpg&#039;, &#039;https:\/\/theburmanhotel.com\/wp-content\/uploads\/2025\/05\/Ecrin.jpg&#039;, &#039;https:\/\/theburmanhotel.com\/wp-content\/uploads\/2025\/05\/Koyo.jpg&#039;, &#039;https:\/\/theburmanhotel.com\/wp-content\/uploads\/2025\/05\/Maison.jpg&#039;, &#039;https:\/\/theburmanhotel.com\/wp-content\/uploads\/2025\/05\/Bombay-Club.jpg&#039;, &#039;https:\/\/theburmanhotel.com\/wp-content\/uploads\/2025\/05\/Shang-Shi.jpg&#039;, &#039;https:\/\/theburmanhotel.com\/wp-content\/uploads\/2025\/05\/Fox-Den.jpg&#039;, &#039;https:\/\/theburmanhotel.com\/wp-content\/uploads\/2025\/05\/Peacock.jpg&#039;, &#039;https:\/\/theburmanhotel.com\/wp-content\/uploads\/2025\/05\/Velvet.jpg&#039;]\">\n                            <canvas width=\"420\" height=\"420\" style=\"touch-action: none; cursor: inherit;\"><\/canvas>\n                        <\/div>\n\n\n                    <\/div>\n\n                    <div class=\"location__hotels\">\n                        <div class=\"change js-change\">\n                            <div class=\"change__count\">1 \/ 9<\/div>\n\n                            <div class=\"change__list\">\n                                                                    <div class=\"change__item active\"\n                                         data-name=\"The Burman Hotel\"\n                                         data-address=\"Rataskaevu 7, 10124, Tallinn, Estonia\">\n\n                                    <span class=\"change__number\">1<\/span>\n                                        <div class=\"change__line\"><\/div>\n                                        <span class=\"change__text\">The Burman Hotel<\/span>\n                                    <\/div>\n                                                                    <div class=\"change__item \"\n                                         data-name=\"\u00c9crin\"\n                                         data-address=\"Dunkri 8, 10123, Tallinn, Estonia\">\n\n                                    <span class=\"change__number\">2<\/span>\n                                        <div class=\"change__line\"><\/div>\n                                        <span class=\"change__text\">\u00c9crin<\/span>\n                                    <\/div>\n                                                                    <div class=\"change__item \"\n                                         data-name=\"Koyo\"\n                                         data-address=\"Dunkri 8, 10123, Tallinn, Estonia\">\n\n                                    <span class=\"change__number\">3<\/span>\n                                        <div class=\"change__line\"><\/div>\n                                        <span class=\"change__text\">Koyo<\/span>\n                                    <\/div>\n                                                                    <div class=\"change__item \"\n                                         data-name=\"Maison Fran\u00e7ois\"\n                                         data-address=\"Dunkri 8, 10123, Tallinn, Estonia\">\n\n                                    <span class=\"change__number\">4<\/span>\n                                        <div class=\"change__line\"><\/div>\n                                        <span class=\"change__text\">Maison Fran\u00e7ois<\/span>\n                                    <\/div>\n                                                                    <div class=\"change__item \"\n                                         data-name=\"Bombay Club\"\n                                         data-address=\"Rataskaevu 5, 10123, Tallinn, Estonia\">\n\n                                    <span class=\"change__number\">5<\/span>\n                                        <div class=\"change__line\"><\/div>\n                                        <span class=\"change__text\">Bombay Club<\/span>\n                                    <\/div>\n                                                                    <div class=\"change__item \"\n                                         data-name=\"Shang Shi\"\n                                         data-address=\"Rataskaevu 5, 10123, Tallinn, Estonia\">\n\n                                    <span class=\"change__number\">6<\/span>\n                                        <div class=\"change__line\"><\/div>\n                                        <span class=\"change__text\">Shang Shi<\/span>\n                                    <\/div>\n                                                                    <div class=\"change__item \"\n                                         data-name=\"Fox Den\"\n                                         data-address=\"Rataskaevu 5, 10123, Tallinn, Estonia\">\n\n                                    <span class=\"change__number\">7<\/span>\n                                        <div class=\"change__line\"><\/div>\n                                        <span class=\"change__text\">Fox Den<\/span>\n                                    <\/div>\n                                                                    <div class=\"change__item \"\n                                         data-name=\"Peacock Lounge\"\n                                         data-address=\"Rataskaevu 5, 10123, Tallinn, Estonia\">\n\n                                    <span class=\"change__number\">8<\/span>\n                                        <div class=\"change__line\"><\/div>\n                                        <span class=\"change__text\">Peacock Lounge<\/span>\n                                    <\/div>\n                                                                    <div class=\"change__item \"\n                                         data-name=\"Velvet\"\n                                         data-address=\"Rataskaevu 5, 10123, Tallinn, Estonia\">\n\n                                    <span class=\"change__number\">9<\/span>\n                                        <div class=\"change__line\"><\/div>\n                                        <span class=\"change__text\">Velvet<\/span>\n                                    <\/div>\n                                                            <\/div>\n\n                            <div class=\"change__current\">\n                                                                    <i>The Burman Hotel:<\/i><br>\n                                    Rataskaevu 7, 10124, Tallinn, Estonia                                                            <\/div>\n                        <\/div>\n                    <\/div>\n                <\/div>\n            <\/div>\n            <\/div>\n<\/section>\n","protected":false},"excerpt":{"rendered":"","protected":false},"author":1,"featured_media":0,"parent":0,"menu_order":0,"comment_status":"closed","ping_status":"closed","template":"","meta":{"_acf_changed":true,"inline_featured_image":false},"class_list":["post-1525","page","type-page","status-publish","hentry"],"acf":[],"yoast_head":"<!-- This site is optimized with the Yoast SEO plugin v26.1.1 - https:\/\/yoast.com\/wordpress\/plugins\/seo\/ -->\n<title>Asukoht - Rooms<\/title>\n<meta name=\"robots\" content=\"index, follow, max-snippet:-1, max-image-preview:large, max-video-preview:-1\" \/>\n<link rel=\"canonical\" href=\"https:\/\/theburmanhotel.com\/et\/asukoht\/\" \/>\n<meta property=\"og:locale\" content=\"et_EE\" \/>\n<meta property=\"og:type\" content=\"article\" \/>\n<meta property=\"og:title\" content=\"Asukoht - Rooms\" \/>\n<meta property=\"og:url\" content=\"https:\/\/theburmanhotel.com\/et\/asukoht\/\" \/>\n<meta property=\"og:site_name\" content=\"Rooms\" \/>\n<meta property=\"article:modified_time\" content=\"2025-05-29T12:52:10+00:00\" \/>\n<meta name=\"twitter:card\" content=\"summary_large_image\" \/>\n<script type=\"application\/ld+json\" class=\"yoast-schema-graph\">{\"@context\":\"https:\/\/schema.org\",\"@graph\":[{\"@type\":\"WebPage\",\"@id\":\"https:\/\/theburmanhotel.com\/et\/asukoht\/\",\"url\":\"https:\/\/theburmanhotel.com\/et\/asukoht\/\",\"name\":\"Asukoht - Rooms\",\"isPartOf\":{\"@id\":\"https:\/\/theburmanhotel.com\/et\/#website\"},\"datePublished\":\"2025-05-27T16:26:04+00:00\",\"dateModified\":\"2025-05-29T12:52:10+00:00\",\"breadcrumb\":{\"@id\":\"https:\/\/theburmanhotel.com\/et\/asukoht\/#breadcrumb\"},\"inLanguage\":\"et\",\"potentialAction\":[{\"@type\":\"ReadAction\",\"target\":[\"https:\/\/theburmanhotel.com\/et\/asukoht\/\"]}]},{\"@type\":\"BreadcrumbList\",\"@id\":\"https:\/\/theburmanhotel.com\/et\/asukoht\/#breadcrumb\",\"itemListElement\":[{\"@type\":\"ListItem\",\"position\":1,\"name\":\"Home\",\"item\":\"https:\/\/theburmanhotel.com\/et\/\"},{\"@type\":\"ListItem\",\"position\":2,\"name\":\"Asukoht\"}]},{\"@type\":\"WebSite\",\"@id\":\"https:\/\/theburmanhotel.com\/et\/#website\",\"url\":\"https:\/\/theburmanhotel.com\/et\/\",\"name\":\"Rooms\",\"description\":\"\",\"potentialAction\":[{\"@type\":\"SearchAction\",\"target\":{\"@type\":\"EntryPoint\",\"urlTemplate\":\"https:\/\/theburmanhotel.com\/et\/?s={search_term_string}\"},\"query-input\":{\"@type\":\"PropertyValueSpecification\",\"valueRequired\":true,\"valueName\":\"search_term_string\"}}],\"inLanguage\":\"et\"}]}<\/script>\n<!-- \/ Yoast SEO plugin. -->","yoast_head_json":{"title":"Asukoht - Rooms","robots":{"index":"index","follow":"follow","max-snippet":"max-snippet:-1","max-image-preview":"max-image-preview:large","max-video-preview":"max-video-preview:-1"},"canonical":"https:\/\/theburmanhotel.com\/et\/asukoht\/","og_locale":"et_EE","og_type":"article","og_title":"Asukoht - Rooms","og_url":"https:\/\/theburmanhotel.com\/et\/asukoht\/","og_site_name":"Rooms","article_modified_time":"2025-05-29T12:52:10+00:00","twitter_card":"summary_large_image","schema":{"@context":"https:\/\/schema.org","@graph":[{"@type":"WebPage","@id":"https:\/\/theburmanhotel.com\/et\/asukoht\/","url":"https:\/\/theburmanhotel.com\/et\/asukoht\/","name":"Asukoht - Rooms","isPartOf":{"@id":"https:\/\/theburmanhotel.com\/et\/#website"},"datePublished":"2025-05-27T16:26:04+00:00","dateModified":"2025-05-29T12:52:10+00:00","breadcrumb":{"@id":"https:\/\/theburmanhotel.com\/et\/asukoht\/#breadcrumb"},"inLanguage":"et","potentialAction":[{"@type":"ReadAction","target":["https:\/\/theburmanhotel.com\/et\/asukoht\/"]}]},{"@type":"BreadcrumbList","@id":"https:\/\/theburmanhotel.com\/et\/asukoht\/#breadcrumb","itemListElement":[{"@type":"ListItem","position":1,"name":"Home","item":"https:\/\/theburmanhotel.com\/et\/"},{"@type":"ListItem","position":2,"name":"Asukoht"}]},{"@type":"WebSite","@id":"https:\/\/theburmanhotel.com\/et\/#website","url":"https:\/\/theburmanhotel.com\/et\/","name":"Rooms","description":"","potentialAction":[{"@type":"SearchAction","target":{"@type":"EntryPoint","urlTemplate":"https:\/\/theburmanhotel.com\/et\/?s={search_term_string}"},"query-input":{"@type":"PropertyValueSpecification","valueRequired":true,"valueName":"search_term_string"}}],"inLanguage":"et"}]}},"_links":{"self":[{"href":"https:\/\/theburmanhotel.com\/et\/wp-json\/wp\/v2\/pages\/1525","targetHints":{"allow":["GET"]}}],"collection":[{"href":"https:\/\/theburmanhotel.com\/et\/wp-json\/wp\/v2\/pages"}],"about":[{"href":"https:\/\/theburmanhotel.com\/et\/wp-json\/wp\/v2\/types\/page"}],"author":[{"embeddable":true,"href":"https:\/\/theburmanhotel.com\/et\/wp-json\/wp\/v2\/users\/1"}],"replies":[{"embeddable":true,"href":"https:\/\/theburmanhotel.com\/et\/wp-json\/wp\/v2\/comments?post=1525"}],"version-history":[{"count":0,"href":"https:\/\/theburmanhotel.com\/et\/wp-json\/wp\/v2\/pages\/1525\/revisions"}],"wp:attachment":[{"href":"https:\/\/theburmanhotel.com\/et\/wp-json\/wp\/v2\/media?parent=1525"}],"curies":[{"name":"wp","href":"https:\/\/api.w.org\/{rel}","templated":true}]}}