{"id":1459,"date":"2025-04-17T16:24:31","date_gmt":"2025-04-17T16:24:31","guid":{"rendered":"https:\/\/theburmanhotel.com\/?page_id=1459"},"modified":"2025-04-17T18:28:07","modified_gmt":"2025-04-17T18:28:07","slug":"contacts","status":"publish","type":"page","link":"https:\/\/theburmanhotel.com\/et\/contacts\/","title":{"rendered":"Kontaktid"},"content":{"rendered":"<section class=\"contacts-form-section\"\n         data-acf-block=\"contacts-form\"\n         data-acf-label=\"Contacts Form\"\n         data-acf-style=\"contacts-form\"\n         id=\"contacts-form\">\n    <div class=\"container\">\n\n        <div class=\"line top vertical js-line-animation\"><\/div>\n\n        <div class=\"section-caption text-center js-anim-text\" data-bg=\"white\" data-mobile-bg=\"white\">\n                            <p class=\"sc-suptitle\" data-acf-field=\"text\" data-acf-label=\"Small title\">\n                    AITAME TEID MEELELDI                <\/p>\n            \n                            <h2 class=\"sc-title\" data-acf-field=\"textarea\" data-acf-label=\"Title\">\n                    Kui teil on majutuse, spaa v\u00f5i restoranide kohta k\u00fcsimusi, v\u00f5tke meiega alloleva vormi kaudu \u00fchendust.                <\/h2>\n                    <\/div>\n\n        <div class=\"section-form contactForm js-subscribe\">\n            \n                \n<div class=\"wpcf7 no-js\" id=\"wpcf7-f1458-o1\" lang=\"en-US\" dir=\"ltr\" data-wpcf7-id=\"1458\">\n<div class=\"screen-reader-response\"><p role=\"status\" aria-live=\"polite\" aria-atomic=\"true\"><\/p> <ul><\/ul><\/div>\n<form action=\"\/et\/wp-json\/wp\/v2\/pages\/1459#wpcf7-f1458-o1\" method=\"post\" class=\"wpcf7-form init\" aria-label=\"Contact form\" novalidate=\"novalidate\" data-status=\"init\">\n<fieldset class=\"hidden-fields-container\"><input type=\"hidden\" name=\"_wpcf7\" value=\"1458\" \/><input type=\"hidden\" name=\"_wpcf7_version\" value=\"6.1.2\" \/><input type=\"hidden\" name=\"_wpcf7_locale\" value=\"en_US\" \/><input type=\"hidden\" name=\"_wpcf7_unit_tag\" value=\"wpcf7-f1458-o1\" \/><input type=\"hidden\" name=\"_wpcf7_container_post\" value=\"0\" \/><input type=\"hidden\" name=\"_wpcf7_posted_data_hash\" value=\"\" \/>\n<\/fieldset>\n<div class=\"form-fields\">\n  <div class=\"form-field\">\n    <label class=\"label inputLabel\">\n      <span class=\"form-field\">\n        <input size=\"40\" maxlength=\"400\" class=\"wpcf7-form-control wpcf7-text\" aria-invalid=\"false\" placeholder=\"Eesnimi\" value=\"\" type=\"text\" name=\"first_name\" \/>\n      <\/span>\n      <span class=\"errorText\">Error<\/span>\n    <\/label>\n  <\/div>\n\n  <div class=\"form-field\">\n    <label class=\"label inputLabel\">\n      <span class=\"form-field required\">\n        <input size=\"40\" maxlength=\"400\" class=\"wpcf7-form-control wpcf7-email wpcf7-validates-as-required wpcf7-text wpcf7-validates-as-email\" aria-required=\"true\" aria-invalid=\"false\" placeholder=\"E-post *\" value=\"\" type=\"email\"  data-name=\"E-mail\" required name=\"email\" \/>\n      <\/span>\n      <span class=\"errorText\">Error<\/span>\n    <\/label>\n  <\/div>\n\n  <div class=\"form-field\">\n    <label class=\"label inputLabel\">\n      <span class=\"form-field\">\n        <input size=\"40\" maxlength=\"400\" class=\"wpcf7-form-control wpcf7-text\" aria-invalid=\"false\" placeholder=\"Perekonnanimi\" value=\"\" type=\"text\" name=\"last_name\" \/>\n      <\/span>\n      <span class=\"errorText\">Error<\/span>\n    <\/label>\n  <\/div>\n\n  <div class=\"form-field\">\n    <label class=\"label inputLabel\">\n      <span class=\"form-field\">\n        <input size=\"40\" maxlength=\"400\" class=\"wpcf7-form-control wpcf7-tel wpcf7-text wpcf7-validates-as-tel\" aria-invalid=\"false\" placeholder=\"Telefon\" value=\"\" type=\"tel\" name=\"phone\" \/>\n      <\/span>\n      <span class=\"errorText\">Error<\/span>\n    <\/label>\n  <\/div>\n\n  <div class=\"form-field wide\">\n    <label class=\"label inputLabel\">\n      <span class=\"form-field selectWrap\">\n        <select class=\"wpcf7-form-control wpcf7-select wpcf7-validates-as-required form-control\" aria-required=\"true\" aria-invalid=\"false\" name=\"choose_a_topic\"><option value=\"Valige teema\">Valige teema<\/option><option value=\"Majutusbroneering\">Majutusbroneering<\/option><option value=\"Hoolitsused ja spaa\">Hoolitsused ja spaa<\/option><option value=\"Concierge\">Concierge<\/option><option value=\"Restoranid\">Restoranid<\/option><option value=\"S\u00fcndmused\">S\u00fcndmused<\/option><option value=\"Muu\">Muu<\/option><\/select>\n      <\/span>\n      <span class=\"errorText\">Error<\/span>\n    <\/label>\n  <\/div>\n\n  <div class=\"form-field wide with-label\">\n    <label class=\"label inputLabel\">\n      <span class=\"fake-label\">Teie s\u00f5num *<\/span>\n      <span class=\"form-field required form-field-textarea\">\n        <span class=\"form-field__left\"><\/span>\n\n<textarea cols=\"40\" rows=\"10\" maxlength=\"2000\" class=\"wpcf7-form-control wpcf7-textarea wpcf7-validates-as-required\" aria-required=\"true\" aria-invalid=\"false\" placeholder=\"Kirjutage siia oma s\u00f5num ...\"  data-name=\"Message\" required name=\"user_message\"><\/textarea>\n        <span class=\"form-field__right\"><\/span>\n      <\/span>\n      <span class=\"errorText\">Error<\/span>\n    <\/label>\n  <\/div>\n<\/div>\n\n<div class=\"form-footer\">\n  <div class=\"form-footer__text\">\n    Burmani hotell vastab p\u00e4ringutele esmasp\u00e4evast reedeni kell 9.00 \u2013 17.00. Kiiremate k\u00fcsimuste korral v\u00f5tke palun \u00fchendust hotelli vastuv\u00f5tuga numbril <a href=\"tel:+3726188800\" style=\"text-decoration: none; color: inherit;\">+372 6188 800<\/a>\n  <\/div>\n<div class=\"cf7-cf-turnstile\" style=\"margin-top: 0px; margin-bottom: -15px;\"> <div id=\"cf-turnstile-cf7-3501572311\" class=\"cf-turnstile\" data-sitekey=\"0x4AAAAAABr80TSANJP0B67g\" data-theme=\"auto\" data-language=\"auto\" data-size=\"flexible\" data-retry=\"auto\" data-retry-interval=\"1000\" data-action=\"contact-form-7\" data-appearance=\"interaction-only\"><\/div> <script>document.addEventListener(\"DOMContentLoaded\", function() { setTimeout(function(){ var e=document.getElementById(\"cf-turnstile-cf7-3501572311\"); e&&!e.innerHTML.trim()&&(turnstile.remove(\"#cf-turnstile-cf7-3501572311\"), turnstile.render(\"#cf-turnstile-cf7-3501572311\", {sitekey:\"0x4AAAAAABr80TSANJP0B67g\"})); }, 0); });<\/script> <style>#cf-turnstile-cf7-3501572311 iframe { margin-bottom: 15px; }<\/style> <style>#cf-turnstile-cf7-3501572311 { margin-left: -15px; }<\/style> <script>document.addEventListener(\"DOMContentLoaded\",function(){document.querySelectorAll('.wpcf7-form').forEach(function(e){e.addEventListener('submit',function(){if(document.getElementById('cf-turnstile-cf7-3501572311')){setTimeout(function(){turnstile.reset('#cf-turnstile-cf7-3501572311');},1000)}})})});<\/script> <\/div>\n<button class=\"btn secondary size-medium submit-button\" type=\"submit\">\n  <span class=\"button__left\"><\/span>\n  <span class=\"button__text\">Saada s\u00f5num<\/span>\n  <span class=\"button__text-message\" style=\"display: none;\">Ait\u00e4h! Oleme teie p\u00e4ringu k\u00e4tte saanud ja vastame teile peagi.<\/span>\n  <span class=\"button__right\"><\/span>\n<\/button>\n<\/div><div class=\"wpcf7-response-output\" aria-hidden=\"true\"><\/div>\n<\/form>\n<\/div>\n            \n        <\/div>\n    <\/div>\n<\/section>\n\n","protected":false},"excerpt":{"rendered":"","protected":false},"author":1,"featured_media":0,"parent":0,"menu_order":0,"comment_status":"closed","ping_status":"closed","template":"","meta":{"_acf_changed":true,"inline_featured_image":false},"class_list":["post-1459","page","type-page","status-publish","hentry"],"acf":[],"yoast_head":"<!-- This site is optimized with the Yoast SEO plugin v26.1.1 - https:\/\/yoast.com\/wordpress\/plugins\/seo\/ -->\n<title>Kontaktid - Rooms<\/title>\n<meta name=\"robots\" content=\"index, follow, max-snippet:-1, max-image-preview:large, max-video-preview:-1\" \/>\n<link rel=\"canonical\" href=\"https:\/\/theburmanhotel.com\/et\/contacts\/\" \/>\n<meta property=\"og:locale\" content=\"et_EE\" \/>\n<meta property=\"og:type\" content=\"article\" \/>\n<meta property=\"og:title\" content=\"Kontaktid - Rooms\" \/>\n<meta property=\"og:url\" content=\"https:\/\/theburmanhotel.com\/et\/contacts\/\" \/>\n<meta property=\"og:site_name\" content=\"Rooms\" \/>\n<meta property=\"article:modified_time\" content=\"2025-04-17T18:28:07+00:00\" \/>\n<meta name=\"twitter:card\" content=\"summary_large_image\" \/>\n<script type=\"application\/ld+json\" class=\"yoast-schema-graph\">{\"@context\":\"https:\/\/schema.org\",\"@graph\":[{\"@type\":\"WebPage\",\"@id\":\"https:\/\/theburmanhotel.com\/et\/contacts\/\",\"url\":\"https:\/\/theburmanhotel.com\/et\/contacts\/\",\"name\":\"Kontaktid - Rooms\",\"isPartOf\":{\"@id\":\"https:\/\/theburmanhotel.com\/et\/#website\"},\"datePublished\":\"2025-04-17T16:24:31+00:00\",\"dateModified\":\"2025-04-17T18:28:07+00:00\",\"breadcrumb\":{\"@id\":\"https:\/\/theburmanhotel.com\/et\/contacts\/#breadcrumb\"},\"inLanguage\":\"et\",\"potentialAction\":[{\"@type\":\"ReadAction\",\"target\":[\"https:\/\/theburmanhotel.com\/et\/contacts\/\"]}]},{\"@type\":\"BreadcrumbList\",\"@id\":\"https:\/\/theburmanhotel.com\/et\/contacts\/#breadcrumb\",\"itemListElement\":[{\"@type\":\"ListItem\",\"position\":1,\"name\":\"Home\",\"item\":\"https:\/\/theburmanhotel.com\/et\/\"},{\"@type\":\"ListItem\",\"position\":2,\"name\":\"Kontaktid\"}]},{\"@type\":\"WebSite\",\"@id\":\"https:\/\/theburmanhotel.com\/et\/#website\",\"url\":\"https:\/\/theburmanhotel.com\/et\/\",\"name\":\"Rooms\",\"description\":\"\",\"potentialAction\":[{\"@type\":\"SearchAction\",\"target\":{\"@type\":\"EntryPoint\",\"urlTemplate\":\"https:\/\/theburmanhotel.com\/et\/?s={search_term_string}\"},\"query-input\":{\"@type\":\"PropertyValueSpecification\",\"valueRequired\":true,\"valueName\":\"search_term_string\"}}],\"inLanguage\":\"et\"}]}<\/script>\n<!-- \/ Yoast SEO plugin. -->","yoast_head_json":{"title":"Kontaktid - Rooms","robots":{"index":"index","follow":"follow","max-snippet":"max-snippet:-1","max-image-preview":"max-image-preview:large","max-video-preview":"max-video-preview:-1"},"canonical":"https:\/\/theburmanhotel.com\/et\/contacts\/","og_locale":"et_EE","og_type":"article","og_title":"Kontaktid - Rooms","og_url":"https:\/\/theburmanhotel.com\/et\/contacts\/","og_site_name":"Rooms","article_modified_time":"2025-04-17T18:28:07+00:00","twitter_card":"summary_large_image","schema":{"@context":"https:\/\/schema.org","@graph":[{"@type":"WebPage","@id":"https:\/\/theburmanhotel.com\/et\/contacts\/","url":"https:\/\/theburmanhotel.com\/et\/contacts\/","name":"Kontaktid - Rooms","isPartOf":{"@id":"https:\/\/theburmanhotel.com\/et\/#website"},"datePublished":"2025-04-17T16:24:31+00:00","dateModified":"2025-04-17T18:28:07+00:00","breadcrumb":{"@id":"https:\/\/theburmanhotel.com\/et\/contacts\/#breadcrumb"},"inLanguage":"et","potentialAction":[{"@type":"ReadAction","target":["https:\/\/theburmanhotel.com\/et\/contacts\/"]}]},{"@type":"BreadcrumbList","@id":"https:\/\/theburmanhotel.com\/et\/contacts\/#breadcrumb","itemListElement":[{"@type":"ListItem","position":1,"name":"Home","item":"https:\/\/theburmanhotel.com\/et\/"},{"@type":"ListItem","position":2,"name":"Kontaktid"}]},{"@type":"WebSite","@id":"https:\/\/theburmanhotel.com\/et\/#website","url":"https:\/\/theburmanhotel.com\/et\/","name":"Rooms","description":"","potentialAction":[{"@type":"SearchAction","target":{"@type":"EntryPoint","urlTemplate":"https:\/\/theburmanhotel.com\/et\/?s={search_term_string}"},"query-input":{"@type":"PropertyValueSpecification","valueRequired":true,"valueName":"search_term_string"}}],"inLanguage":"et"}]}},"_links":{"self":[{"href":"https:\/\/theburmanhotel.com\/et\/wp-json\/wp\/v2\/pages\/1459","targetHints":{"allow":["GET"]}}],"collection":[{"href":"https:\/\/theburmanhotel.com\/et\/wp-json\/wp\/v2\/pages"}],"about":[{"href":"https:\/\/theburmanhotel.com\/et\/wp-json\/wp\/v2\/types\/page"}],"author":[{"embeddable":true,"href":"https:\/\/theburmanhotel.com\/et\/wp-json\/wp\/v2\/users\/1"}],"replies":[{"embeddable":true,"href":"https:\/\/theburmanhotel.com\/et\/wp-json\/wp\/v2\/comments?post=1459"}],"version-history":[{"count":0,"href":"https:\/\/theburmanhotel.com\/et\/wp-json\/wp\/v2\/pages\/1459\/revisions"}],"wp:attachment":[{"href":"https:\/\/theburmanhotel.com\/et\/wp-json\/wp\/v2\/media?parent=1459"}],"curies":[{"name":"wp","href":"https:\/\/api.w.org\/{rel}","templated":true}]}}